{"id":7885,"date":"2021-06-15T07:19:36","date_gmt":"2021-06-15T07:19:36","guid":{"rendered":"https:\/\/www.cherry-group.net\/?page_id=7885"},"modified":"2021-06-15T07:19:36","modified_gmt":"2021-06-15T07:19:36","slug":"omron","status":"publish","type":"page","link":"https:\/\/cherry-group.de\/en\/omron\/","title":{"rendered":"<p>omron<\/p>"},"content":{"rendered":"<div data-elementor-type=\"wp-page\" data-elementor-id=\"7885\" class=\"elementor elementor-7885\">\n\t\t\t\t\t\t<section class=\"elementor-section elementor-top-section elementor-element elementor-element-e5fa93b elementor-section-boxed elementor-section-height-default elementor-section-height-default\" data-id=\"e5fa93b\" data-element_type=\"section\">\n\t\t\t\t\t\t<div class=\"elementor-container elementor-column-gap-default\">\n\t\t\t\t\t<div class=\"elementor-column elementor-col-100 elementor-top-column elementor-element elementor-element-7a3d5e6\" data-id=\"7a3d5e6\" data-element_type=\"column\">\n\t\t\t<div class=\"elementor-widget-wrap elementor-element-populated\">\n\t\t\t\t\t\t<div class=\"elementor-element elementor-element-d42b358 elementor-align-center elementor-widget elementor-widget-breadcrumbs\" data-id=\"d42b358\" data-element_type=\"widget\" data-widget_type=\"breadcrumbs.default\">\n\t\t\t\t<div class=\"elementor-widget-container\">\n\t\t\t<p id=\"breadcrumbs\"><span><span><a href=\"https:\/\/cherry-group.de\/en\/\">Home<\/a><\/span><\/span><\/p>\t\t<\/div>\n\t\t\t\t<\/div>\n\t\t\t\t\t<\/div>\n\t\t<\/div>\n\t\t\t\t\t<\/div>\n\t\t<\/section>\n\t\t\t\t<section class=\"elementor-section elementor-top-section elementor-element elementor-element-a61f73e elementor-section-boxed elementor-section-height-default elementor-section-height-default\" data-id=\"a61f73e\" data-element_type=\"section\">\n\t\t\t\t\t\t<div class=\"elementor-container elementor-column-gap-default\">\n\t\t\t\t\t<div class=\"elementor-column elementor-col-100 elementor-top-column elementor-element elementor-element-17d6ca5\" data-id=\"17d6ca5\" data-element_type=\"column\">\n\t\t\t<div class=\"elementor-widget-wrap elementor-element-populated\">\n\t\t\t\t\t\t<div class=\"elementor-element elementor-element-8cc77d1 elementor-widget elementor-widget-image\" data-id=\"8cc77d1\" data-element_type=\"widget\" data-widget_type=\"image.default\">\n\t\t\t\t<div class=\"elementor-widget-container\">\n\t\t\t\t\t\t\t\t\t\t\t\t\t<img fetchpriority=\"high\" decoding=\"async\" width=\"768\" height=\"768\" src=\"https:\/\/cherry-group.de\/wp-content\/uploads\/2021\/06\/omron-logo-black-and-white-768x768.png\" class=\"attachment-medium_large size-medium_large wp-image-7888\" alt=\"omron-logo\" srcset=\"https:\/\/cherry-group.de\/wp-content\/uploads\/2021\/06\/omron-logo-black-and-white-768x768.png 768w, https:\/\/cherry-group.de\/wp-content\/uploads\/2021\/06\/omron-logo-black-and-white-700x700.png 700w, https:\/\/cherry-group.de\/wp-content\/uploads\/2021\/06\/omron-logo-black-and-white-100x100.png 100w, https:\/\/cherry-group.de\/wp-content\/uploads\/2021\/06\/omron-logo-black-and-white-800x800.png 800w, https:\/\/cherry-group.de\/wp-content\/uploads\/2021\/06\/omron-logo-black-and-white-300x300.png 300w, https:\/\/cherry-group.de\/wp-content\/uploads\/2021\/06\/omron-logo-black-and-white-1024x1024.png 1024w, https:\/\/cherry-group.de\/wp-content\/uploads\/2021\/06\/omron-logo-black-and-white-150x150.png 150w, https:\/\/cherry-group.de\/wp-content\/uploads\/2021\/06\/omron-logo-black-and-white-1200x1200.png 1200w, https:\/\/cherry-group.de\/wp-content\/uploads\/2021\/06\/omron-logo-black-and-white.png 1280w\" sizes=\"(max-width: 768px) 100vw, 768px\">\t\t\t\t\t\t\t\t\t\t\t\t\t<\/div>\n\t\t\t\t<\/div>\n\t\t\t\t<div class=\"elementor-element elementor-element-622e4e5 elementor-widget elementor-widget-image\" data-id=\"622e4e5\" data-element_type=\"widget\" data-widget_type=\"image.default\">\n\t\t\t\t<div class=\"elementor-widget-container\">\n\t\t\t\t\t\t\t\t\t\t\t\t\t<img decoding=\"async\" width=\"700\" height=\"485\" src=\"https:\/\/cherry-group.de\/wp-content\/uploads\/2021\/06\/WMHYB-Hero-Teaser.jpg\" class=\"attachment-large size-large wp-image-7890\" alt=\"omron\" srcset=\"https:\/\/cherry-group.de\/wp-content\/uploads\/2021\/06\/WMHYB-Hero-Teaser.jpg 700w, https:\/\/cherry-group.de\/wp-content\/uploads\/2021\/06\/WMHYB-Hero-Teaser-300x208.jpg 300w, https:\/\/cherry-group.de\/wp-content\/uploads\/2021\/06\/WMHYB-Hero-Teaser-600x416.jpg 600w\" sizes=\"(max-width: 700px) 100vw, 700px\">\t\t\t\t\t\t\t\t\t\t\t\t\t<\/div>\n\t\t\t\t<\/div>\n\t\t\t\t<div class=\"elementor-element elementor-element-e36bdd2 elementor-widget elementor-widget-text-editor\" data-id=\"e36bdd2\" data-element_type=\"widget\" data-widget_type=\"text-editor.default\">\n\t\t\t\t<div class=\"elementor-widget-container\">\n\t\t\t\t\t\t\t<p>OMRON ist weltweit f&uuml;hrend in der Herstellung von elektronischen Ger&auml;ten und Automatisierungsger&auml;ten.<\/p><p>Heute haben sie in allen Ecken der Welt wohlverdiente Anerkennung erhalten:<\/p><ul><li>Herstellung von automatischen Systemen;<\/li><li>Steuerungskomponenten (Fernbedienungen zum Ver- und Entriegeln der Autot&uuml;r, Sensoren in Sicherheitssystemen);<\/li><li>Controller (in Gew&auml;chsh&auml;usern beim Blumenanbau, in Video&uuml;berwachungssystemen);<\/li><li>Automatische Ticketdrehkreuze;<\/li><li>U-Bahn-Ausr&uuml;stung;<\/li><li>Stra&szlig;eninformationssysteme;<\/li><li>Kassenausr&uuml;stung, Geldautomaten;<\/li><li>Medizinische Ger&auml;te;<\/li><li>Computerperipherieger&auml;te (Mikroschalter);<\/li><li>Distanzmesssysteme (von 100 &micro;m bis 100 m);<\/li><\/ul>\t\t\t\t\t\t<\/div>\n\t\t\t\t<\/div>\n\t\t\t\t<div class=\"elementor-element elementor-element-12518bd elementor-widget elementor-widget-text-editor\" data-id=\"12518bd\" data-element_type=\"widget\" data-widget_type=\"text-editor.default\">\n\t\t\t\t<div class=\"elementor-widget-container\">\n\t\t\t\t\t\t\t<p>[wpdatatable id=2]<\/p>\t\t\t\t\t\t<\/div>\n\t\t\t\t<\/div>\n\t\t\t\t\t<\/div>\n\t\t<\/div>\n\t\t\t\t\t<\/div>\n\t\t<\/section>\n\t\t\t\t<\/div>","protected":false},"excerpt":{"rendered":"<p>OMRON ist weltweit f&uuml;hrend in der Herstellung von elektronischen Ger&auml;ten und Automatisierungsger&auml;ten. Heute haben sie in allen Ecken der Welt wohlverdiente Anerkennung erhalten: Herstellung von automatischen Systemen; Steuerungskomponenten (Fernbedienungen zum Ver- und Entriegeln der Autot&uuml;r, Sensoren in Sicherheitssystemen); Controller (in Gew&auml;chsh&auml;usern beim Blumenanbau, in Video&uuml;berwachungssystemen); Automatische Ticketdrehkreuze; U-Bahn-Ausr&uuml;stung; Stra&szlig;eninformationssysteme; Kassenausr&uuml;stung, Geldautomaten; Medizinische Ger&auml;te; Computerperipherieger&auml;te (Mikroschalter); &hellip;<\/p><p class=\"read-more\"> <a class=\"\" href=\"https:\/\/cherry-group.de\/en\/omron\/\"> <span class=\"screen-reader-text\">omron<\/span> Read More &raquo;<\/a><\/p>","protected":false},"author":1,"featured_media":0,"parent":0,"menu_order":0,"comment_status":"closed","ping_status":"closed","template":"","meta":{"_mi_skip_tracking":false,"site-sidebar-layout":"no-sidebar","site-content-layout":"page-builder","ast-global-header-display":"","ast-main-header-display":"","ast-hfb-above-header-display":"","ast-hfb-below-header-display":"","ast-hfb-mobile-header-display":"","site-post-title":"disabled","ast-breadcrumbs-content":"","ast-featured-img":"disabled","footer-sml-layout":"","theme-transparent-header-meta":"default","adv-header-id-meta":"","stick-header-meta":"","header-above-stick-meta":"","header-main-stick-meta":"","header-below-stick-meta":"","footnotes":""},"class_list":["post-7885","page","type-page","status-publish","hentry"],"aioseo_notices":[],"yoast_head":"<!-- This site is optimized with the Yoast SEO Premium plugin v19.0 (Yoast SEO v23.9) - https:\/\/yoast.com\/wordpress\/plugins\/seo\/ -->\n<title>omron - Cherry GMBH - Industriebedarf: Ersatzteile und Zubeh\u00f6r<\/title>\n<meta name=\"robots\" content=\"index, follow, max-snippet:-1, max-image-preview:large, max-video-preview:-1\" \/>\n<link rel=\"canonical\" href=\"https:\/\/cherry-group.de\/en\/omron\/\" \/>\n<meta property=\"og:locale\" content=\"en_GB\" \/>\n<meta property=\"og:type\" content=\"article\" \/>\n<meta property=\"og:title\" content=\"omron\" \/>\n<meta property=\"og:description\" content=\"OMRON ist weltweit f\u00fchrend in der Herstellung von elektronischen Ger\u00e4ten und Automatisierungsger\u00e4ten. Heute haben sie in allen Ecken der Welt wohlverdiente Anerkennung erhalten: Herstellung von automatischen Systemen; Steuerungskomponenten (Fernbedienungen zum Ver- und Entriegeln der Autot\u00fcr, Sensoren in Sicherheitssystemen); Controller (in Gew\u00e4chsh\u00e4usern beim Blumenanbau, in Video\u00fcberwachungssystemen); Automatische Ticketdrehkreuze; U-Bahn-Ausr\u00fcstung; Stra\u00dfeninformationssysteme; Kassenausr\u00fcstung, Geldautomaten; Medizinische Ger\u00e4te; Computerperipherieger\u00e4te (Mikroschalter); &hellip; omron Read More &raquo;\" \/>\n<meta property=\"og:url\" content=\"https:\/\/cherry-group.de\/en\/omron\/\" \/>\n<meta property=\"og:site_name\" content=\"Cherry GMBH - Industriebedarf: Ersatzteile und Zubeh\u00f6r\" \/>\n<meta property=\"og:image\" content=\"http:\/\/cherry-group.de\/wp-content\/uploads\/2021\/06\/omron-logo-black-and-white-768x768.png\" \/>\n<meta name=\"twitter:card\" content=\"summary_large_image\" \/>\n<meta name=\"twitter:label1\" content=\"Estimated reading time\" \/>\n\t<meta name=\"twitter:data1\" content=\"3 minutes\" \/>\n<script type=\"application\/ld+json\" class=\"yoast-schema-graph\">{\"@context\":\"https:\/\/schema.org\",\"@graph\":[{\"@type\":\"WebPage\",\"@id\":\"https:\/\/cherry-group.de\/omron\/\",\"url\":\"https:\/\/cherry-group.de\/omron\/\",\"name\":\"omron - Cherry GMBH - Industriebedarf: Ersatzteile und Zubeh\u00f6r\",\"isPartOf\":{\"@id\":\"https:\/\/cherry-group.de\/#website\"},\"primaryImageOfPage\":{\"@id\":\"https:\/\/cherry-group.de\/omron\/#primaryimage\"},\"image\":{\"@id\":\"https:\/\/cherry-group.de\/omron\/#primaryimage\"},\"thumbnailUrl\":\"http:\/\/cherry-group.de\/wp-content\/uploads\/2021\/06\/omron-logo-black-and-white-768x768.png\",\"datePublished\":\"2021-06-15T07:19:36+00:00\",\"dateModified\":\"2021-06-15T07:19:36+00:00\",\"breadcrumb\":{\"@id\":\"https:\/\/cherry-group.de\/omron\/#breadcrumb\"},\"inLanguage\":\"en-GB\",\"potentialAction\":[{\"@type\":\"ReadAction\",\"target\":[\"https:\/\/cherry-group.de\/omron\/\"]}]},{\"@type\":\"ImageObject\",\"inLanguage\":\"en-GB\",\"@id\":\"https:\/\/cherry-group.de\/omron\/#primaryimage\",\"url\":\"http:\/\/cherry-group.de\/wp-content\/uploads\/2021\/06\/omron-logo-black-and-white-768x768.png\",\"contentUrl\":\"http:\/\/cherry-group.de\/wp-content\/uploads\/2021\/06\/omron-logo-black-and-white-768x768.png\"},{\"@type\":\"BreadcrumbList\",\"@id\":\"https:\/\/cherry-group.de\/omron\/#breadcrumb\",\"itemListElement\":[{\"@type\":\"ListItem\",\"position\":1,\"name\":\"Home\",\"item\":\"https:\/\/cherry-group.de\/\"},{\"@type\":\"ListItem\",\"position\":2,\"name\":\"omron\"}]},{\"@type\":\"WebSite\",\"@id\":\"https:\/\/cherry-group.de\/#website\",\"url\":\"https:\/\/cherry-group.de\/\",\"name\":\"Cherry GMBH - Industriebedarf: Ersatzteile und Zubeh\u00f6r\",\"description\":\"Cherry group\",\"publisher\":{\"@id\":\"https:\/\/cherry-group.de\/#organization\"},\"potentialAction\":[{\"@type\":\"SearchAction\",\"target\":{\"@type\":\"EntryPoint\",\"urlTemplate\":\"https:\/\/cherry-group.de\/?s={search_term_string}\"},\"query-input\":{\"@type\":\"PropertyValueSpecification\",\"valueRequired\":true,\"valueName\":\"search_term_string\"}}],\"inLanguage\":\"en-GB\"},{\"@type\":\"Organization\",\"@id\":\"https:\/\/cherry-group.de\/#organization\",\"name\":\"Cherry GMBH - Industriebedarf: Ersatzteile und Zubeh\u00f6r\",\"url\":\"https:\/\/cherry-group.de\/\",\"logo\":{\"@type\":\"ImageObject\",\"inLanguage\":\"en-GB\",\"@id\":\"https:\/\/cherry-group.de\/#\/schema\/logo\/image\/\",\"url\":\"https:\/\/cherry-group.de\/wp-content\/uploads\/2022\/02\/cherry_group-logo-254x80-1-1.jpg\",\"contentUrl\":\"https:\/\/cherry-group.de\/wp-content\/uploads\/2022\/02\/cherry_group-logo-254x80-1-1.jpg\",\"width\":283,\"height\":100,\"caption\":\"Cherry GMBH - Industriebedarf: Ersatzteile und Zubeh\u00f6r\"},\"image\":{\"@id\":\"https:\/\/cherry-group.de\/#\/schema\/logo\/image\/\"}}]}<\/script>\n<!-- \/ Yoast SEO Premium plugin. -->","yoast_head_json":{"title":"omron - Cherry GMBH - Industriebedarf: Ersatzteile und Zubeh\u00f6r","robots":{"index":"index","follow":"follow","max-snippet":"max-snippet:-1","max-image-preview":"max-image-preview:large","max-video-preview":"max-video-preview:-1"},"canonical":"https:\/\/cherry-group.de\/en\/omron\/","og_locale":"en_GB","og_type":"article","og_title":"omron","og_description":"OMRON ist weltweit f\u00fchrend in der Herstellung von elektronischen Ger\u00e4ten und Automatisierungsger\u00e4ten. Heute haben sie in allen Ecken der Welt wohlverdiente Anerkennung erhalten: Herstellung von automatischen Systemen; Steuerungskomponenten (Fernbedienungen zum Ver- und Entriegeln der Autot\u00fcr, Sensoren in Sicherheitssystemen); Controller (in Gew\u00e4chsh\u00e4usern beim Blumenanbau, in Video\u00fcberwachungssystemen); Automatische Ticketdrehkreuze; U-Bahn-Ausr\u00fcstung; Stra\u00dfeninformationssysteme; Kassenausr\u00fcstung, Geldautomaten; Medizinische Ger\u00e4te; Computerperipherieger\u00e4te (Mikroschalter); &hellip; omron Read More &raquo;","og_url":"https:\/\/cherry-group.de\/en\/omron\/","og_site_name":"Cherry GMBH - Industriebedarf: Ersatzteile und Zubeh\u00f6r","og_image":[{"url":"http:\/\/cherry-group.de\/wp-content\/uploads\/2021\/06\/omron-logo-black-and-white-768x768.png"}],"twitter_card":"summary_large_image","twitter_misc":{"Estimated reading time":"3 minutes"},"schema":{"@context":"https:\/\/schema.org","@graph":[{"@type":"WebPage","@id":"https:\/\/cherry-group.de\/omron\/","url":"https:\/\/cherry-group.de\/omron\/","name":"omron - Cherry GMBH - Industriebedarf: Ersatzteile und Zubeh\u00f6r","isPartOf":{"@id":"https:\/\/cherry-group.de\/#website"},"primaryImageOfPage":{"@id":"https:\/\/cherry-group.de\/omron\/#primaryimage"},"image":{"@id":"https:\/\/cherry-group.de\/omron\/#primaryimage"},"thumbnailUrl":"http:\/\/cherry-group.de\/wp-content\/uploads\/2021\/06\/omron-logo-black-and-white-768x768.png","datePublished":"2021-06-15T07:19:36+00:00","dateModified":"2021-06-15T07:19:36+00:00","breadcrumb":{"@id":"https:\/\/cherry-group.de\/omron\/#breadcrumb"},"inLanguage":"en-GB","potentialAction":[{"@type":"ReadAction","target":["https:\/\/cherry-group.de\/omron\/"]}]},{"@type":"ImageObject","inLanguage":"en-GB","@id":"https:\/\/cherry-group.de\/omron\/#primaryimage","url":"http:\/\/cherry-group.de\/wp-content\/uploads\/2021\/06\/omron-logo-black-and-white-768x768.png","contentUrl":"http:\/\/cherry-group.de\/wp-content\/uploads\/2021\/06\/omron-logo-black-and-white-768x768.png"},{"@type":"BreadcrumbList","@id":"https:\/\/cherry-group.de\/omron\/#breadcrumb","itemListElement":[{"@type":"ListItem","position":1,"name":"Home","item":"https:\/\/cherry-group.de\/"},{"@type":"ListItem","position":2,"name":"omron"}]},{"@type":"WebSite","@id":"https:\/\/cherry-group.de\/#website","url":"https:\/\/cherry-group.de\/","name":"Cherry GMBH - Industriebedarf: Ersatzteile und Zubeh\u00f6r","description":"Cherry group","publisher":{"@id":"https:\/\/cherry-group.de\/#organization"},"potentialAction":[{"@type":"SearchAction","target":{"@type":"EntryPoint","urlTemplate":"https:\/\/cherry-group.de\/?s={search_term_string}"},"query-input":{"@type":"PropertyValueSpecification","valueRequired":true,"valueName":"search_term_string"}}],"inLanguage":"en-GB"},{"@type":"Organization","@id":"https:\/\/cherry-group.de\/#organization","name":"Cherry GMBH - Industriebedarf: Ersatzteile und Zubeh\u00f6r","url":"https:\/\/cherry-group.de\/","logo":{"@type":"ImageObject","inLanguage":"en-GB","@id":"https:\/\/cherry-group.de\/#\/schema\/logo\/image\/","url":"https:\/\/cherry-group.de\/wp-content\/uploads\/2022\/02\/cherry_group-logo-254x80-1-1.jpg","contentUrl":"https:\/\/cherry-group.de\/wp-content\/uploads\/2022\/02\/cherry_group-logo-254x80-1-1.jpg","width":283,"height":100,"caption":"Cherry GMBH - Industriebedarf: Ersatzteile und Zubeh\u00f6r"},"image":{"@id":"https:\/\/cherry-group.de\/#\/schema\/logo\/image\/"}}]}},"_links":{"self":[{"href":"https:\/\/cherry-group.de\/en\/wp-json\/wp\/v2\/pages\/7885","targetHints":{"allow":["GET"]}}],"collection":[{"href":"https:\/\/cherry-group.de\/en\/wp-json\/wp\/v2\/pages"}],"about":[{"href":"https:\/\/cherry-group.de\/en\/wp-json\/wp\/v2\/types\/page"}],"author":[{"embeddable":true,"href":"https:\/\/cherry-group.de\/en\/wp-json\/wp\/v2\/users\/1"}],"replies":[{"embeddable":true,"href":"https:\/\/cherry-group.de\/en\/wp-json\/wp\/v2\/comments?post=7885"}],"version-history":[{"count":0,"href":"https:\/\/cherry-group.de\/en\/wp-json\/wp\/v2\/pages\/7885\/revisions"}],"wp:attachment":[{"href":"https:\/\/cherry-group.de\/en\/wp-json\/wp\/v2\/media?parent=7885"}],"curies":[{"name":"wp","href":"https:\/\/api.w.org\/{rel}","templated":true}]}}